{"id":355,"date":"2021-02-01T17:08:40","date_gmt":"2021-02-01T17:08:40","guid":{"rendered":"https:\/\/moxyinc.ca\/danoneafhca\/?page_id=355"},"modified":"2024-11-19T16:29:25","modified_gmt":"2024-11-19T16:29:25","slug":"contact-us","status":"publish","type":"page","link":"https:\/\/www.danonefoodservice.ca\/fr\/contact-us\/","title":{"rendered":"Nous joindre"},"content":{"rendered":"<hr class=\"wp-block-separator has-alpha-channel-opacity is-style-default\"\/>\n\n\n\n<div style=\"height:100px\" aria-hidden=\"true\" class=\"wp-block-spacer\"><\/div>\n\n\n\n<h3 class=\"wp-block-heading\">Notre engagement en mati\u00e8re d'accessibilit\u00e9<\/h3>\n\n\n\n<p>Nous nous engageons \u00e0 cr\u00e9er un environnement accessible \u00e0 tous les membres de la communaut\u00e9. Dans le cadre de cet engagement, nous nous effor\u00e7ons de faciliter l'accommodement des personnes avec un handicap afin que tous puissent b\u00e9n\u00e9ficier du m\u00eame niveau d'acc\u00e8s au contenu de notre site web.<\/p>\n\n\n\n<p>Si vous \u00eates malvoyant ou si vous souffrez d'une autre d\u00e9ficience couverte par la l\u00e9gislation applicable en mati\u00e8re d\u2019accessibilit\u00e9 ou une loi similaire, et que vous souhaitez discuter des am\u00e9nagements possibles li\u00e9s \u00e0 l'utilisation de ce site web, veuillez remplir le formulaire de contact sur cette page ou nous appeler au 1-800-326-6638 pour obtenir de l'aide. Si vous avez des difficult\u00e9s \u00e0 acc\u00e9der aux informations concernant les carri\u00e8res ou si vous avez besoin d'aide pour compl\u00e9ter le processus de candidature, vous pouvez appeler le (450) 655-7331 pour obtenir des informations ou contacter directement les Ressources Humaines \u00e0 l'adresse reception.boucherville@danone.com.<\/p>\n\n\n\n<p>Remarque : ces coordonn\u00e9es ne sont fournies que pour faciliter les demandes d'accommodement et toute autre utilisation est interdite.<\/p>\n\n\n\n<div style=\"height:100px\" aria-hidden=\"true\" class=\"wp-block-spacer\"><\/div>\n\n\n\n<h3 class=\"wp-block-heading\">Services de relais de t\u00e9l\u00e9communications (SRT)<\/h3>\n\n\n\n<p>Nous acceptons les appels pass\u00e9s par l'interm\u00e9diaire du Service de relais de t\u00e9l\u00e9communications (SRT). Ce type de service permet aux personnes souffrant de troubles de l'audition ou de la parole de communiquer de mani\u00e8re bidirectionnelle.<\/p>","protected":false},"excerpt":{"rendered":"<p>Our Commitment to Accessibility We are committed to creating an environment that is equally accessible to all members of the community. As part of this commitment, we strive to facilitate the accommodation of individuals with disabilities so that all may share the same level of access to its website content. If you are vision-impaired or&#8230;  <a class=\"excerpt-read-more\" href=\"https:\/\/www.danonefoodservice.ca\/fr\/contact-us\/\" title=\"Read Contact Us\">Read more &raquo;<\/a><\/p>","protected":false},"author":5,"featured_media":0,"parent":0,"menu_order":0,"comment_status":"closed","ping_status":"closed","template":"page-contact-us.php","meta":[],"brand":[],"_links":{"self":[{"href":"https:\/\/www.danonefoodservice.ca\/fr\/wp-json\/wp\/v2\/pages\/355"}],"collection":[{"href":"https:\/\/www.danonefoodservice.ca\/fr\/wp-json\/wp\/v2\/pages"}],"about":[{"href":"https:\/\/www.danonefoodservice.ca\/fr\/wp-json\/wp\/v2\/types\/page"}],"author":[{"embeddable":true,"href":"https:\/\/www.danonefoodservice.ca\/fr\/wp-json\/wp\/v2\/users\/5"}],"replies":[{"embeddable":true,"href":"https:\/\/www.danonefoodservice.ca\/fr\/wp-json\/wp\/v2\/comments?post=355"}],"version-history":[{"count":38,"href":"https:\/\/www.danonefoodservice.ca\/fr\/wp-json\/wp\/v2\/pages\/355\/revisions"}],"predecessor-version":[{"id":1192,"href":"https:\/\/www.danonefoodservice.ca\/fr\/wp-json\/wp\/v2\/pages\/355\/revisions\/1192"}],"wp:attachment":[{"href":"https:\/\/www.danonefoodservice.ca\/fr\/wp-json\/wp\/v2\/media?parent=355"}],"wp:term":[{"taxonomy":"brand","embeddable":true,"href":"https:\/\/www.danonefoodservice.ca\/fr\/wp-json\/wp\/v2\/brand?post=355"}],"curies":[{"name":"wp","href":"https:\/\/api.w.org\/{rel}","templated":true}]}}